{"id":896000,"date":"2022-06-02T10:02:10","date_gmt":"2022-06-02T09:02:10","guid":{"rendered":"https:\/\/www.makoiertektar.hu\/?page_id=896000"},"modified":"2022-06-02T12:25:54","modified_gmt":"2022-06-02T11:25:54","slug":"vendegkonyv","status":"publish","type":"page","link":"https:\/\/www.makoiertektar.hu\/?page_id=896000","title":{"rendered":"Vend\u00e9gk\u00f6nyv"},"content":{"rendered":"\n<p>R\u00f3llunk \u00edrt\u00e1k<\/p>\n\n\n\n<div class=\"fb-comments\" data-href=\"https:\/\/www.makoiertektar.hu\/\" data-width=\"400\" data-numposts=\"5\" lazy=\"true\" ><\/div>\n\n\n\n<p><\/p>\n","protected":false},"excerpt":{"rendered":"<p>R\u00f3llunk \u00edrt\u00e1k [&#8230;]<\/p>\n<p><a class=\"btn btn-secondary understrap-read-more-link\" href=\"https:\/\/www.makoiertektar.hu\/?page_id=896000\">R\u00e9szletek<\/a><\/p>\n","protected":false},"author":1,"featured_media":0,"parent":0,"menu_order":0,"comment_status":"closed","ping_status":"closed","template":"","meta":{"ngg_post_thumbnail":0},"_links":{"self":[{"href":"https:\/\/www.makoiertektar.hu\/index.php?rest_route=\/wp\/v2\/pages\/896000"}],"collection":[{"href":"https:\/\/www.makoiertektar.hu\/index.php?rest_route=\/wp\/v2\/pages"}],"about":[{"href":"https:\/\/www.makoiertektar.hu\/index.php?rest_route=\/wp\/v2\/types\/page"}],"author":[{"embeddable":true,"href":"https:\/\/www.makoiertektar.hu\/index.php?rest_route=\/wp\/v2\/users\/1"}],"replies":[{"embeddable":true,"href":"https:\/\/www.makoiertektar.hu\/index.php?rest_route=%2Fwp%2Fv2%2Fcomments&post=896000"}],"version-history":[{"count":2,"href":"https:\/\/www.makoiertektar.hu\/index.php?rest_route=\/wp\/v2\/pages\/896000\/revisions"}],"predecessor-version":[{"id":896002,"href":"https:\/\/www.makoiertektar.hu\/index.php?rest_route=\/wp\/v2\/pages\/896000\/revisions\/896002"}],"wp:attachment":[{"href":"https:\/\/www.makoiertektar.hu\/index.php?rest_route=%2Fwp%2Fv2%2Fmedia&parent=896000"}],"curies":[{"name":"wp","href":"https:\/\/api.w.org\/{rel}","templated":true}]}}