{"id":889568,"date":"2022-02-21T15:34:32","date_gmt":"2022-02-21T15:34:32","guid":{"rendered":"https:\/\/www.makoiertektar.hu\/?page_id=889568"},"modified":"2022-02-21T16:35:42","modified_gmt":"2022-02-21T16:35:42","slug":"tortenete","status":"publish","type":"page","link":"https:\/\/www.makoiertektar.hu\/?page_id=889568","title":{"rendered":"T\u00f6rt\u00e9nete"},"content":{"rendered":"\n<p class=\"has-text-align-center oldalcim has-large-font-size\">T\u00f6rt\u00e9nete<\/p>\n\n\n\n<p class=\"kozepre-igazit\">A Maros-menti telep\u00fcl\u00e9sek k\u00f6z\u00f6tt Mak\u00f3 v\u00e1rosa els\u0151k\u00e9nt hozta l\u00e9tre, 2014-ben a 100\/2014. (III.26) M\u00d6KT. hat\u00e1rozata alapj\u00e1n, a helyi \u00e9rt\u00e9kt\u00e1r bizotts\u00e1got, azzal a c\u00e9llal, hogy a felhalmozott \u00e9rt\u00e9keket, \u00e9letm\u0171veket, \u00e9p\u00edtett, term\u00e9szeti-, gasztron\u00f3mia-, eg\u00e9szs\u00e9g meg\u00f3v\u00e1s\u00e1hoz kapcsol\u00f3d\u00f3 tapasztalatokat, ismereteket, amelyek \u00e9vsz\u00e1zadok sor\u00e1n felhalmoz\u00f3dtak a magyars\u00e1g, \u00edgy a \u201emakaiak\u201d \u00e9let\u00e9ben, a ma embere ezeket megismerve fel tudja haszn\u00e1lni. A bizotts\u00e1g els\u0151 eln\u00f6k\u00e9nek Marosv\u00e1ri Attil\u00e1t, t\u00f6rt\u00e9n\u00e9szt, v\u00e1rosunkegykori alpolg\u00e1rmester\u00e9t nevezt\u00e9k ki. Az \u00e9rt\u00e9kt\u00e1ri tagok a k\u00f6vetkez\u0151k voltak: Forg\u00f3 G\u00e9za, Gilinger Katalin, M\u00e1t\u00f3 Erzs\u00e9bet, Dr. T\u00f3th Ferenc, Urbancsok Zsolt, Szil\u00e1gyi S\u00e1ndorn\u00e9. A jegyz\u0151k\u00f6nyvek tan\u00fas\u00e1ga szerint a bizotts\u00e1g nagy lend\u00fclettel vetette bele mag\u00e1t az \u00e9rt\u00e9kek \u00f6sszegy\u0171jt\u00e9s\u00e9be, javaslatt\u00e9tel\u00e9be. A nyolc kateg\u00f3ri\u00e1ban felsorolt lajstrom gyorsan gyarapodott, 2014. \u00e9v v\u00e9g\u00e9re m\u00e1r 69 \u00e9rt\u00e9ket jegyeztek le, \u00e9s szavaztak meg. 2015. febru\u00e1r 11-\u00e9n Dr. Orb\u00e1n Imre, t\u00f6rt\u00e9n\u00e9sz lett az \u00faj eln\u00f6k, \u00e9s a bizotts\u00e1gi tagok k\u00f6z\u00e9 Gilicze J\u00e1nost is felvett\u00e9k. A lend\u00fclet nem t\u00f6rt meg, az \u00e9rt\u00e9kek sokasodtak, s k\u00f6zben az el\u0151terjeszt\u00e9seknek k\u00f6sz\u00f6nhet\u0151en a mak\u00f3i v\u00f6r\u00f6shagym\u00e1t a magyar nemzeti \u00e9rt\u00e9kek k\u00f6z\u00e9 vett\u00e9k, \u00e9s \u00edgy Hungarikumnak min\u0151s\u00edtett\u00e9k. A kultur\u00e1lis \u00e9rt\u00e9kfelt\u00e1r\u00e1s, \u00e9rt\u00e9kment\u00e9s mind a mai napig zajlik. 2019-ben Dr. Orb\u00e1n Imre lemondott a bizotts\u00e1g eln\u00f6ki tisztj\u00e9r\u0151l, \u0151t Szikszai Zsuzsanna, n\u00e9prajzkutat\u00f3, a J\u00f3zsef Attila V\u00e1rosi K\u00f6nyvt\u00e1r \u00e9s M\u00fazeum igazgat\u00f3ja k\u00f6vette. Jelenleg Gilinger Katalin, Karsai Ildik\u00f3, M\u00e1t\u00f3 Erzs\u00e9bet, Szil\u00e1gyi S\u00e1ndorn\u00e9 alkotj\u00e1k a bizotts\u00e1got. Ebben az \u00e9vben&nbsp;a bizotts\u00e1g mell\u00e9 egy t\u00e1mogat\u00f3 csapat is csatlakozott, akik javaslataikkal, \u00e9rvel\u00e9seikkel, szak\u00e9rtelm\u00fckkel seg\u00edtik a munk\u00e1t. A pand\u00e9mia a szakmai munk\u00e1t lelass\u00edtotta, de ennek ellen\u00e9re a helyi \u00e9rt\u00e9keink sz\u00e1ma 103 darabr\u00f3l 114 darabra gyarapodott, \u00e9s ebb\u0151l 4 darab ker\u00fclt felterjeszt\u00e9sre a megyei \u00e9rt\u00e9kt\u00e1r bizotts\u00e1ghoz. 2020-ban a mak\u00f3i telep\u00fcl\u00e9si \u00e9rt\u00e9kt\u00e1r egy k\u00f6tet \u00e9s egy v\u00e1ndorki\u00e1ll\u00edt\u00e1s l\u00e9trehoz\u00e1s\u00e1t l\u00e9trehoz\u00e1s\u00e1t t\u0171zte ki c\u00e9lul, hogy min\u00e9l t\u00f6bben megismerj\u00e9k lak\u00f3hely\u00fcnk kincseit, \u00f6r\u00f6ks\u00e9g\u00fcnket.<\/p>\n\n\n\n<p><\/p>\n","protected":false},"excerpt":{"rendered":"<p>T\u00f6rt\u00e9nete A Maros-menti telep\u00fcl\u00e9sek k\u00f6z\u00f6tt Mak\u00f3 v\u00e1rosa els\u0151k\u00e9nt hozta l\u00e9tre, 2014-ben a 100\/2014. (III.26) M\u00d6KT. hat\u00e1rozata alapj\u00e1n, a helyi \u00e9rt\u00e9kt\u00e1r bizotts\u00e1got, azzal a c\u00e9llal, hogy a felhalmozott \u00e9rt\u00e9keket, \u00e9letm\u0171veket, \u00e9p\u00edtett, term\u00e9szeti-, gasztron\u00f3mia-, eg\u00e9szs\u00e9g meg\u00f3v\u00e1s\u00e1hoz kapcsol\u00f3d\u00f3 tapasztalatokat, ismereteket, amelyek \u00e9vsz\u00e1zadok sor\u00e1n felhalmoz\u00f3dtak a magyars\u00e1g, \u00edgy a \u201emakaiak\u201d \u00e9let\u00e9ben, a ma embere ezeket megismerve fel tudja haszn\u00e1lni. [&#8230;]<\/p>\n<p><a class=\"btn btn-secondary understrap-read-more-link\" href=\"https:\/\/www.makoiertektar.hu\/?page_id=889568\">R\u00e9szletek<\/a><\/p>\n","protected":false},"author":1,"featured_media":0,"parent":0,"menu_order":0,"comment_status":"closed","ping_status":"closed","template":"page-templates\/fullwidthpage-noside.php","meta":{"ngg_post_thumbnail":0},"_links":{"self":[{"href":"https:\/\/www.makoiertektar.hu\/index.php?rest_route=\/wp\/v2\/pages\/889568"}],"collection":[{"href":"https:\/\/www.makoiertektar.hu\/index.php?rest_route=\/wp\/v2\/pages"}],"about":[{"href":"https:\/\/www.makoiertektar.hu\/index.php?rest_route=\/wp\/v2\/types\/page"}],"author":[{"embeddable":true,"href":"https:\/\/www.makoiertektar.hu\/index.php?rest_route=\/wp\/v2\/users\/1"}],"replies":[{"embeddable":true,"href":"https:\/\/www.makoiertektar.hu\/index.php?rest_route=%2Fwp%2Fv2%2Fcomments&post=889568"}],"version-history":[{"count":4,"href":"https:\/\/www.makoiertektar.hu\/index.php?rest_route=\/wp\/v2\/pages\/889568\/revisions"}],"predecessor-version":[{"id":889641,"href":"https:\/\/www.makoiertektar.hu\/index.php?rest_route=\/wp\/v2\/pages\/889568\/revisions\/889641"}],"wp:attachment":[{"href":"https:\/\/www.makoiertektar.hu\/index.php?rest_route=%2Fwp%2Fv2%2Fmedia&parent=889568"}],"curies":[{"name":"wp","href":"https:\/\/api.w.org\/{rel}","templated":true}]}}