{"id":889473,"date":"2022-02-03T21:06:58","date_gmt":"2022-02-03T21:06:58","guid":{"rendered":"https:\/\/www.makoiertektar.hu\/?page_id=889473"},"modified":"2022-03-28T15:54:07","modified_gmt":"2022-03-28T14:54:07","slug":"koszonto","status":"publish","type":"page","link":"https:\/\/www.makoiertektar.hu\/?page_id=889473","title":{"rendered":"K\u00f6sz\u00f6nt\u0151"},"content":{"rendered":"\n<p><\/p>\n\n\n\n<p><\/p>\n\n\n\n<p><\/p>\n\n\n\n<p class=\"has-text-align-center oldalcim has-large-font-size\">K\u00f6sz\u00f6nt\u0151<\/p>\n\n\n\n<div class=\"wp-block-image is-style-default\"><figure class=\"alignright size-full is-resized\"><img loading=\"lazy\" src=\"https:\/\/www.makoiertektar.hu\/wp-content\/uploads\/2022\/03\/LJ1-1.jpg\" alt=\"\" class=\"wp-image-894970\" width=\"256\" height=\"383\" srcset=\"https:\/\/www.makoiertektar.hu\/wp-content\/uploads\/2022\/03\/LJ1-1.jpg 341w, https:\/\/www.makoiertektar.hu\/wp-content\/uploads\/2022\/03\/LJ1-1-200x300.jpg 200w\" sizes=\"(max-width: 256px) 100vw, 256px\" \/><\/figure><\/div>\n\n\n\n<p class=\"kozepre-igazit\"> 114! Mak\u00f3n jelen pillanatban 114 t\u00e9telt tartalmaz a telep\u00fcl\u00e9si \u00e9rt\u00e9kek list\u00e1ja. Ez bizony tiszteletet parancsol\u00f3 sz\u00e1m. Ha annak a \u201emesszir\u0151l j\u00f6tt embernek\u201d ez alapj\u00e1n kellene megsejtenie, mekkora telep\u00fcl\u00e9s is Mak\u00f3, bizonyosan nagyv\u00e1rosra gondolna. Ilyen gazdag \u00e9rt\u00e9kt\u00e1rral ugyanis gyakran, csak megyesz\u00e9khelyek vagy t\u00e9rs\u00e9gi k\u00f6zpontok rendelkeznek az orsz\u00e1gban, de tal\u00e1n m\u00e9g K\u00f6z\u00e9p-Eur\u00f3p\u00e1ban is. Minden helyi, telep\u00fcl\u00e9si \u00e9rt\u00e9k megtart\u00f3 er\u0151 az itt \u00e9l\u0151nek, ugyanakkor vonzer\u0151, turisztikai attrakci\u00f3 az idel\u00e1togat\u00f3nak. A mak\u00f3it \u00f6sszek\u00f6ti a mak\u00f3ival \u2013 nemcsak a kort\u00e1rssal, hanem az elm\u00falt \u00e9s az elj\u00f6vend\u0151 korok mak\u00f3i polg\u00e1raival is \u2013, az orsz\u00e1g vagy a vil\u00e1g m\u00e1s t\u00e1jain \u00e9l\u0151 ember sz\u00e1m\u00e1ra pedig \u00e9rdekess\u00e9 \u00e9s tiszteletre m\u00e9lt\u00f3v\u00e1 teszi a v\u00e1rost, a k\u00f6z\u00f6ss\u00e9get. Term\u00e9szetesen minden mak\u00f3i m\u00e1s\u00e9rt szereti a telep\u00fcl\u00e9s\u00e9t, ah\u00e1ny ember, annyi ok, de minden mak\u00f3i k\u00f6t\u0151d\u00e9s\u00e9ben, azonoss\u00e1gtudat\u00e1ban \u00e9s lok\u00e1lpatriotizmus\u00e1ban vannak k\u00f6z\u00f6s nevez\u0151k. Ez a gazdagon illusztr\u00e1lt, tudom\u00e1nyos ig\u00e9nyess\u00e9ggel \u00e9s sok szeretettel, \u00e9sszel \u00e9s sz\u00edvvel \u00f6ssze\u00e1ll\u00edtott k\u00f6tet \u00e9pp e k\u00f6z\u00f6s nevez\u0151k k\u00f6z\u00fcl mutat be j\u00f3n\u00e9h\u00e1nyat. A k\u00f6nyv lapjain felsorolt \u00e9rt\u00e9kek term\u00e9szetesen l\u00e9teztek \u00e9s ember\u00f6lt\u0151k \u00f3ta hatottak az itt \u00e9l\u0151k h\u00e9tk\u00f6znapjaira mindenf\u00e9le hivatalos program n\u00e9lk\u00fcl is. Ahhoz, hogy \u00edgy \u00f6sszegy\u0171jthess\u00fck \u0151ket, \u00e9s e hagyat\u00e9k \u00f6r\u00f6k\u00f6sei maguk is r\u00e1csod\u00e1lkozzanak, milyen gazdag hagyom\u00e1nykincs az \u00f6v\u00e9k: hasznosnak bizonyult a magyar orsz\u00e1ggy\u0171l\u00e9s \u00f6szt\u00f6nz\u00e9se \u00e9s t\u00e1mogat\u00e1sa is, amely a 2012-ben elfogadott, \u00fan. Hungarikum-t\u00f6rv\u00e9nyben \u00f6lt\u00f6tt testet. Ez a t\u00f6rv\u00e9ny kutatja \u00e9s v\u00e9di Magyarorsz\u00e1g \u00e9rt\u00e9keit, \u00f3vja \u0151ket att\u00f3l, hogy feled\u00e9sbe mer\u00fcljenek, hogy a globaliz\u00e1ci\u00f3 \u00e1ldozat\u00e1v\u00e1 v\u00e1ljanak, hogy kiszoruljanak az \u00e9let\u00fcnkb\u0151l\u2026 A Hungarikum-t\u00f6rv\u00e9ny \u2013 amely nemcsak konkr\u00e9ts\u00e1gban, nemzeti meghat\u00e1rozotts\u00e1g\u00e1ban, hanem m\u0171faj\u00e1ban is \u201ehungarikum\u201d, vagyis p\u00e1ratlan kezdem\u00e9nyez\u00e9s a vil\u00e1gban \u2013, seg\u00edt \u00fajra felfedezni azt, ami a mi\u00e9nk.<br>Azt, akik vagyunk.<\/p>\n\n\n\n<p class=\"kozepre-igazit\"> Teszi ezt telep\u00fcl\u00e9si, t\u00e9rs\u00e9gi \u00e9s nemzeti szinten. Hiszen vannak olyan \u00e9rt\u00e9keink, amelyek b\u00e1r egy-egy meghat\u00e1rozott f\u00f6ldrajzi ter\u00fclethez k\u00f6t\u0151dnek, r\u00e9szei a k\u00f6z\u00f6s azonoss\u00e1gtudatunknak is (mint tudhat\u00f3, a D\u00e9l-Alf\u00f6ld, s\u0151t Mak\u00f3 eset\u00e9ben ilyen a mak\u00f3i v\u00f6r\u00f6shagyma) \u00e9s vannak olyanok, amelyeket csak az \u00e9rthet igaz\u00e1n, aki itt \u00e9l vagy ide l\u00e1togat. A Hungarikum-t\u00f6rv\u00e9ny \u201ev\u00e9derny\u0151je\u201d alatt foly\u00f3 helyi \u00e9rt\u00e9k\u0151rz\u0151 munka Mak\u00f3n 2016-ban vett \u00faj lend\u00fcletet, amikor elkezd\u0151d\u00f6tt a telep\u00fcl\u00e9si \u00e9rt\u00e9kt\u00e1r \u00f6ssze\u00e1ll\u00edt\u00e1sa.E r\u00f6vid id\u0151 alatt ker\u00fclt be ez a 114 hamis\u00edtatlan helyi \u00e9rt\u00e9k a mak\u00f3iak nagy, k\u00f6z\u00f6s kincsest\u00e1r\u00e1ba, \u00e9s m\u00e1r most sz\u00e1mos tov\u00e1bbi v\u00e1rja a Csongr\u00e1d Megyei \u00c9rt\u00e9kt\u00e1r Bizotts\u00e1g d\u00f6nt\u00e9s\u00e9t, hogy mell\u00e9j\u00fck hamarosan beker\u00fclhessen.Az \u00e9rt\u00e9kt\u00e1rak val\u00f3di jelent\u0151s\u00e9ge ugyanis ez: csak a fogy\u00e1snak, az \u00e9rt\u00e9kveszt\u00e9snek \u00e1llj\u00e1k \u00fatj\u00e1t, a gyarapod\u00e1st, az \u00e9rt\u00e9kteremt\u00e9st ink\u00e1bb \u00f6szt\u00f6nzik. Ez a k\u00f6nyv a k\u00f6z\u00f6s b\u00fcszkes\u00e9g forr\u00e1sa, de egy\u00fattal egy\u00e9ni biztat\u00e1s is mindenkinek, hogy ezeket az \u00e9rt\u00e9keket maga is meg\u0151rizze \u00e9s gyarap\u00edtsa.<\/p>\n\n\n\n<p><br>J\u00f3 olvas\u00e1st k\u00edv\u00e1n,<br>L\u00e1z\u00e1r J\u00e1nos,<br>Mak\u00f3 orsz\u00e1ggy\u0171l\u00e9si k\u00e9pvisel\u0151je<\/p>\n\n\n\n<figure class=\"wp-block-image size-large\"><img loading=\"lazy\" width=\"1024\" height=\"20\" src=\"https:\/\/www.makoiertektar.hu\/wp-content\/uploads\/2022\/01\/borito-disz-1024x20.png\" alt=\"\" class=\"wp-image-889196\" srcset=\"https:\/\/www.makoiertektar.hu\/wp-content\/uploads\/2022\/01\/borito-disz-1024x20.png 1024w, https:\/\/www.makoiertektar.hu\/wp-content\/uploads\/2022\/01\/borito-disz-300x6.png 300w, https:\/\/www.makoiertektar.hu\/wp-content\/uploads\/2022\/01\/borito-disz-768x15.png 768w, https:\/\/www.makoiertektar.hu\/wp-content\/uploads\/2022\/01\/borito-disz-1536x30.png 1536w, https:\/\/www.makoiertektar.hu\/wp-content\/uploads\/2022\/01\/borito-disz-2048x40.png 2048w\" sizes=\"(max-width: 1024px) 100vw, 1024px\" \/><\/figure>\n\n\n\n<div class=\"wp-block-image\"><figure class=\"alignright size-full is-resized\"><img loading=\"lazy\" src=\"https:\/\/www.makoiertektar.hu\/wp-content\/uploads\/2022\/03\/fe-1.jpg\" alt=\"\" class=\"wp-image-894976\" width=\"256\" height=\"383\" srcset=\"https:\/\/www.makoiertektar.hu\/wp-content\/uploads\/2022\/03\/fe-1.jpg 246w, https:\/\/www.makoiertektar.hu\/wp-content\/uploads\/2022\/03\/fe-1-200x300.jpg 200w\" sizes=\"(max-width: 256px) 100vw, 256px\" \/><\/figure><\/div>\n\n\n\n<p class=\"kozepre-igazit\">\u201eMinden k\u00f6z\u00f6ss\u00e9gnek legyen \u00e9rt\u00e9ke \u00e9s minden \u00e9rt\u00e9knek legyen k\u00f6z\u00f6ss\u00e9ge!\u201d &#8211; hangzott a felh\u00edv\u00e1s a 2000-es \u00e9vek elej\u00e9n, s l\u00e1m m\u00e1ra egy orsz\u00e1gos h\u00e1l\u00f3zatt\u00e1, \u201ebrand-d\u00e9\u201d n\u0151tte ki mag\u00e1t a telep\u00fcl\u00e9si \u00e9rt\u00e9kt\u00e1rak sora. A mak\u00f3i \u00e9rt\u00e9kt\u00e1rat az orsz\u00e1gban az els\u0151k k\u00f6z\u00f6tt hozt\u00e1k l\u00e9tre, ahol az\u00f3ta is rend\u00fcletlen\u00fcl gy\u0171jtj\u00fck, csoportos\u00edtjuk helyi \u00e9rt\u00e9keinket. Az id\u00e9zett felh\u00edv\u00e1s els\u0151 fele k\u00f6nnyebben teljes\u00edthet\u0151, mely az \u00e9rt\u00e9kfelt\u00e1r\u00e1st, az \u00e9rt\u00e9kt\u00e1ri munk\u00e1t \u00e9s javaslatok lajstromba v\u00e9tel\u00e9t takarja. A k\u00f6z\u00f6ss\u00e9gi m\u0171vel\u0151d\u00e9s szerepl\u0151inek az id\u00e9zet m\u00e1sodik fele jelent komoly szakmai kih\u00edv\u00e1st, miszerint minden \u00e9rt\u00e9knek legyen k\u00f6z\u00f6ss\u00e9ge. Az \u00e9rt\u00e9k teszi tart\u00f3ss\u00e1 az emberek k\u00f6z\u00f6tti sz\u00f6vets\u00e9get, egy\u00fcttm\u0171k\u00f6d\u00e9st \u2013 minden m\u00e1s csak \u00e9rdeksz\u00f6vets\u00e9g, melynek szavatoss\u00e1ga hamar lej\u00e1r. Az \u00e9rt\u00e9k c\u00e9lt, tart\u00e1st, \u00f6nmeghat\u00e1roz\u00e1st ad, \u00e9s teszi cselekv\u0151k\u00e9pess\u00e9 a k\u00f6z\u00f6ss\u00e9get. Mak\u00f3 k\u00f6zel nyolcsz\u00e1z\u00e9ves m\u00faltja sor\u00e1n sz\u00e1mos jeles szem\u00e9lyis\u00e9ggel, \u00e9p\u00fclettel, eml\u00e9kt\u00e1rggyal \u00e9s k\u00f6tettel gyarapodott v\u00e1rosunk, melyekre m\u00e9lt\u00e1n lehet\u00fcnk b\u00fcszk\u00e9k. Fontos feladatunk a j\u00f6v\u0151 gener\u00e1ci\u00f3inak ezt az \u00f6r\u00f6ks\u00e9get m\u00e9lt\u00f3k\u00e9ppen tov\u00e1bbadni, olyan form\u00e1ban, mely k\u00f6nnyen megismerhet\u0151, egyszer\u0171 nyelvezettel sz\u00f3l az olvas\u00f3hoz, t\u00e1j\u00e9koztat, inform\u00e1l, de egyben sz\u00f3rakoztat is. Ilyen k\u00f6tetet tart a kedves olvas\u00f3 most a kez\u00e9ben, \u00c9rt\u00e9keink c\u00edmmel. Sz\u00edvb\u0151l gratul\u00e1lok a k\u00f6tet meg\u00e1lmod\u00f3inak, megval\u00f3s\u00edt\u00f3inak, l\u00e9trehoz\u00f3inak. A v\u00e1rosunkr\u00f3l sz\u00f3l\u00f3 sorozat egy \u00fajabb sz\u00ednes albummal gazdagodott!<br>Forgass\u00e1k szeretettel!<\/p>\n\n\n\n<p class=\"has-text-align-left\"><br>Farkas \u00c9va Erzs\u00e9bet<br>Mak\u00f3 V\u00e1ros polg\u00e1rmestere<\/p>\n\n\n\n<figure class=\"wp-block-image size-large\"><img loading=\"lazy\" width=\"1024\" height=\"20\" src=\"https:\/\/www.makoiertektar.hu\/wp-content\/uploads\/2022\/01\/borito-disz-1024x20.png\" alt=\"\" class=\"wp-image-889196\" srcset=\"https:\/\/www.makoiertektar.hu\/wp-content\/uploads\/2022\/01\/borito-disz-1024x20.png 1024w, https:\/\/www.makoiertektar.hu\/wp-content\/uploads\/2022\/01\/borito-disz-300x6.png 300w, https:\/\/www.makoiertektar.hu\/wp-content\/uploads\/2022\/01\/borito-disz-768x15.png 768w, https:\/\/www.makoiertektar.hu\/wp-content\/uploads\/2022\/01\/borito-disz-1536x30.png 1536w, https:\/\/www.makoiertektar.hu\/wp-content\/uploads\/2022\/01\/borito-disz-2048x40.png 2048w\" sizes=\"(max-width: 1024px) 100vw, 1024px\" \/><\/figure>\n\n\n\n<p><\/p>\n\n\n\n<div class=\"wp-block-image\"><figure class=\"alignright size-full is-resized\"><img loading=\"lazy\" src=\"https:\/\/www.makoiertektar.hu\/wp-content\/uploads\/2022\/03\/Szikszai-Zsuzsi1.jpg\" alt=\"\" class=\"wp-image-894978\" width=\"256\" height=\"383\" srcset=\"https:\/\/www.makoiertektar.hu\/wp-content\/uploads\/2022\/03\/Szikszai-Zsuzsi1.jpg 275w, https:\/\/www.makoiertektar.hu\/wp-content\/uploads\/2022\/03\/Szikszai-Zsuzsi1-200x300.jpg 200w\" sizes=\"(max-width: 256px) 100vw, 256px\" \/><\/figure><\/div>\n\n\n\n<p class=\"has-text-align-right\">\u201eSemmi sincsen,<br>ami mindenkinek egyform\u00e1n tetszik,<br>Semmi sincsen, amit mindenki ugyan\u00fagy szeret,<br>Ami m\u00e1s, mint az, amit \u00e9rt\u00e9knek tartasz,<br>Az valaki m\u00e1snak m\u00e9g \u00e9rt\u00e9k lehet.<\/p>\n\n\n\n<p class=\"kozepre-igazit\">Kedves Olvas\u00f3!<br>Mak\u00f3 v\u00e1ros \u00f6sszegy\u0171jt\u00f6tt \u00e9rt\u00e9keinek vaskos gy\u0171jtem\u00e9ny\u00e9t tartja a kez\u00e9ben, de mit nevez\u00fcnk, mit tartunk \u00e9rt\u00e9knek? Hol az a l\u00e1thatatlan hat\u00e1r, ami megk\u00fcl\u00f6nb\u00f6zteti az igazi \u00e9rt\u00e9ket a hamist\u00f3l, az \u00e9rt\u00e9ktelent\u0151l. Neh\u00e9z ezen egyszer\u0171nek hangz\u00f3 k\u00e9rd\u00e9sekre v\u00e1laszt adnunk, de ahogy a fenti Hal\u00e1sz Judit id\u00e9zetben olvashatjuk nincs olyan \u00e9rt\u00e9k, ami mindenkinek egyform\u00e1n tess\u00e9k, mindenki egyform\u00e1n szeressen, kedveljen, ez\u00e9rt is oly nagyszer\u0171 \u201eh\u00e1l\u00f3zat\u201d az \u00e9rt\u00e9kt\u00e1r. A helyi emberek \u00e1ltal javasolt telep\u00fcl\u00e9si kincseket tudja \u00f6sszegy\u0171jteni, lajstromba szedni \u00e9s meg\u0151rizni a j\u00f6v\u0151nek. Nem oly r\u00e9gi a kezdem\u00e9nyez\u00e9s, a k\u00e9tezres \u00e9vek elej\u00e9n t\u00f6bbir\u00e1ny\u00fa \u00f6sszefog\u00e1s eredm\u00e9nyek\u00e9nt szervez\u0151d\u0151, a magyars\u00e1g \u00e9rt\u00e9keit \u00f6sszegezni, rendszerezni k\u00edv\u00e1n\u00f3 mozgalom indult \u00fatj\u00e1ra. Sz\u00e9lesk\u00f6r\u0171 t\u00e1rsadalmi \u00e9s szakmai egyeztet\u00e9sek eredm\u00e9nyek\u00e9nt sz\u00fcletett meg v\u00e9g\u00fcl a vil\u00e1gon egyed\u00fcl\u00e1ll\u00f3 hungarikum t\u00f6rv\u00e9ny, amelyet az Orsz\u00e1ggy\u0171l\u00e9s 2012. \u00e1prilis 2-\u00e1n fogadott el egyhang\u00fa d\u00f6nt\u00e9ssel. A t\u00f6rv\u00e9ny c\u00e9lja, hogy megfelel\u0151 jogi keretet adjon a magyars\u00e1g eg\u00e9sze sz\u00e1m\u00e1ra fontos \u00e9rt\u00e9kek azonos\u00edt\u00e1s\u00e1hoz, dokument\u00e1l\u00e1s\u00e1hoz, hozz\u00e1j\u00e1rulva az \u00f6sszegy\u0171jt\u00f6tt \u00e9rt\u00e9kek sz\u00e9lesebb k\u00f6rben val\u00f3 megismertet\u00e9s\u00e9hez.<\/p>\n\n\n\n<p class=\"kozepre-igazit\">Kedves Olvas\u00f3!<br>K\u00f6z\u00f6s feladatunk, hogy \u00e9rt\u00e9keinket a j\u00f6v\u0151ben is megtal\u00e1lhassuk saj\u00e1t, term\u00e9szetes k\u00f6zeg\u00fckben, azokon a t\u00e1jakon, ahol sz\u00fclettek, azokban a k\u00f6z\u00f6ss\u00e9gekben, amelyek megalkott\u00e1k \u00e9s m\u00e1ig odafigyelnek r\u00e1juk, \u00e9s erre felh\u00edvjuk mindenki figyelm\u00e9t. K\u00f6sz\u00f6netet szeretn\u00e9k mondani L\u00e1z\u00e1r J\u00e1nos orsz\u00e1ggy\u0171l\u00e9si k\u00e9pvisel\u0151 \u00darnak, Farkas \u00c9va Erzs\u00e9bet Mak\u00f3 V\u00e1ros polg\u00e1rmester Asszonynak t\u00e1mogat\u00e1suk\u00e9rt. K\u00f6sz\u00f6net a helyi \u00e9rt\u00e9kt\u00e1r t\u00e1mogat\u00f3 tagjainak: Benk\u00e9n\u00e9 S\u00e1ndor Barbara, B\u00f6rcs\u00f6k Attila, Csengerin\u00e9 Szab\u00f3 \u00c9va, Hal\u00e1sz Tam\u00e1s, Jo\u00f3 Zolt\u00e1nn\u00e9, M\u00e1gori D\u00e1niel, Nagy G\u00e1bor, Puszta J\u00e1nos, SzekeresFerencn\u00e9, Tam\u00e1sy Alad\u00e1r, Zeitler \u00c1d\u00e1m. Tov\u00e1bb\u00e1 mindazoknak, akik a munk\u00e1jukkal seg\u00edtett\u00e9k az album l\u00e9trej\u00f6tt\u00e9t.<\/p>\n\n\n\n<p><br>Szikszai Zsuzsanna<br>J\u00f3zsef Attila V\u00e1rosi K\u00f6nyvt\u00e1r \u00e9s M\u00fazeum igazgat\u00f3ja,<br>a helyi \u00e9rt\u00e9kt\u00e1r eln\u00f6ke<\/p>\n\n\n\n<p><\/p>\n\n\n\n<p><\/p>\n","protected":false},"excerpt":{"rendered":"<p>K\u00f6sz\u00f6nt\u0151 114! Mak\u00f3n jelen pillanatban 114 t\u00e9telt tartalmaz a telep\u00fcl\u00e9si \u00e9rt\u00e9kek list\u00e1ja. Ez bizony tiszteletet parancsol\u00f3 sz\u00e1m. Ha annak a \u201emesszir\u0151l j\u00f6tt embernek\u201d ez alapj\u00e1n kellene megsejtenie, mekkora telep\u00fcl\u00e9s is Mak\u00f3, bizonyosan nagyv\u00e1rosra gondolna. Ilyen gazdag \u00e9rt\u00e9kt\u00e1rral ugyanis gyakran, csak megyesz\u00e9khelyek vagy t\u00e9rs\u00e9gi k\u00f6zpontok rendelkeznek az orsz\u00e1gban, de tal\u00e1n m\u00e9g K\u00f6z\u00e9p-Eur\u00f3p\u00e1ban is. Minden helyi, telep\u00fcl\u00e9si [&#8230;]<\/p>\n<p><a class=\"btn btn-secondary understrap-read-more-link\" href=\"https:\/\/www.makoiertektar.hu\/?page_id=889473\">R\u00e9szletek<\/a><\/p>\n","protected":false},"author":1,"featured_media":0,"parent":0,"menu_order":0,"comment_status":"closed","ping_status":"closed","template":"page-templates\/fullwidthpage-noside.php","meta":{"ngg_post_thumbnail":0},"_links":{"self":[{"href":"https:\/\/www.makoiertektar.hu\/index.php?rest_route=\/wp\/v2\/pages\/889473"}],"collection":[{"href":"https:\/\/www.makoiertektar.hu\/index.php?rest_route=\/wp\/v2\/pages"}],"about":[{"href":"https:\/\/www.makoiertektar.hu\/index.php?rest_route=\/wp\/v2\/types\/page"}],"author":[{"embeddable":true,"href":"https:\/\/www.makoiertektar.hu\/index.php?rest_route=\/wp\/v2\/users\/1"}],"replies":[{"embeddable":true,"href":"https:\/\/www.makoiertektar.hu\/index.php?rest_route=%2Fwp%2Fv2%2Fcomments&post=889473"}],"version-history":[{"count":22,"href":"https:\/\/www.makoiertektar.hu\/index.php?rest_route=\/wp\/v2\/pages\/889473\/revisions"}],"predecessor-version":[{"id":895573,"href":"https:\/\/www.makoiertektar.hu\/index.php?rest_route=\/wp\/v2\/pages\/889473\/revisions\/895573"}],"wp:attachment":[{"href":"https:\/\/www.makoiertektar.hu\/index.php?rest_route=%2Fwp%2Fv2%2Fmedia&parent=889473"}],"curies":[{"name":"wp","href":"https:\/\/api.w.org\/{rel}","templated":true}]}}